{"id":11618,"date":"2025-07-27T10:14:12","date_gmt":"2025-07-27T16:14:12","guid":{"rendered":"https:\/\/robertabudasalon.com\/?page_id=11618"},"modified":"2025-07-28T08:51:12","modified_gmt":"2025-07-28T14:51:12","slug":"casas","status":"publish","type":"page","link":"https:\/\/www.robertabudasalon.com\/es\/casas\/","title":{"rendered":"CASAS"},"content":{"rendered":"\n<p id=\"tw-target-text\" class=\"\">$6,400,000 MXN \u2013 CALLE 70 SANTIAGO \/ SAN JUAN, CENTRO DE M\u00c9RIDA, YUCAT\u00c1N, M\u00c9XICO<\/p>\n\n\n\n<p class=\"\">2 CASAS, 3 REC\u00c1MARAS, 3 BA\u00d1OS \u2013 OPORTUNIDAD DE ALQUILER EN AIR BNB \u2013 M\u00e1s informaci\u00f3n pr\u00f3ximamente. Disponible en septiembre de 2025. Para m\u00e1s informaci\u00f3n, escriba a robertabudasalon@gmail.com.<\/p>\n\n\n\n<p class=\"\">Casa 1 \u2013 2 rec\u00e1maras, 2 ba\u00f1os. 86.3 m\u00b2, con 45.7 m\u00b2 de espacio exterior con alberca.<\/p>\n\n\n\n<p class=\"\">Casa 2 \u2013 1 rec\u00e1mara, 1 ba\u00f1o. Posible unidad de alquiler en Air BNB \u2013 55.3 m\u00b2, con 35.6 m\u00b2 de espacio exterior con alberca.<\/p>\n\n\n\n<p class=\"\">Superficie total: 223 m\u00b2 para ambas unidades.<\/p>\n\n\n\n<p class=\"\">Esta es una excelente oportunidad para generar ingresos, ya que el propietario puede vivir en una parte y alquilar la otra, o alquilar ambas unidades para duplicar los ingresos. El apartamento de 2 habitaciones se puede alquilar por $125 USD por noche, y el de una habitaci\u00f3n por alrededor de $100 USD por noche. (Las tarifas son especulativas y dependen del mobiliario, la \u00e9poca del a\u00f1o, etc.). Excelente ubicaci\u00f3n en el coraz\u00f3n de San Juan y Santiago. A poca distancia a pie de mercados, tiendas, cafeter\u00edas y restaurantes.<\/p>\n\n\n\n<figure class=\"wp-block-image size-large\"><img loading=\"lazy\" decoding=\"async\" width=\"1024\" height=\"576\" data-attachment-id=\"11606\" data-permalink=\"https:\/\/www.robertabudasalon.com\/es\/photo-2025-07-15-17-25-58_3-2-2\/\" data-orig-file=\"https:\/\/www.robertabudasalon.com\/wp-content\/uploads\/2025\/07\/PHOTO-2025-07-15-17-25-58_3-1.jpg\" data-orig-size=\"1280,720\" data-comments-opened=\"0\" data-image-meta=\"{&quot;aperture&quot;:&quot;0&quot;,&quot;credit&quot;:&quot;&quot;,&quot;camera&quot;:&quot;&quot;,&quot;caption&quot;:&quot;&quot;,&quot;created_timestamp&quot;:&quot;0&quot;,&quot;copyright&quot;:&quot;&quot;,&quot;focal_length&quot;:&quot;0&quot;,&quot;iso&quot;:&quot;0&quot;,&quot;shutter_speed&quot;:&quot;0&quot;,&quot;title&quot;:&quot;&quot;,&quot;orientation&quot;:&quot;0&quot;}\" data-image-title=\"PHOTO-2025-07-15-17-25-58_3\" data-image-description=\"\" data-image-caption=\"\" data-large-file=\"https:\/\/www.robertabudasalon.com\/wp-content\/uploads\/2025\/07\/PHOTO-2025-07-15-17-25-58_3-1.jpg\" src=\"http:\/\/robertabudasalon.com\/wp-content\/uploads\/2025\/07\/PHOTO-2025-07-15-17-25-58_3-1-1024x576.jpg\" alt=\"\" class=\"wp-image-11606\" srcset=\"https:\/\/www.robertabudasalon.com\/wp-content\/uploads\/2025\/07\/PHOTO-2025-07-15-17-25-58_3-1.jpg 1024w, https:\/\/www.robertabudasalon.com\/wp-content\/uploads\/2025\/07\/PHOTO-2025-07-15-17-25-58_3-1.jpg 300w, https:\/\/www.robertabudasalon.com\/wp-content\/uploads\/2025\/07\/PHOTO-2025-07-15-17-25-58_3-1.jpg 768w, https:\/\/www.robertabudasalon.com\/wp-content\/uploads\/2025\/07\/PHOTO-2025-07-15-17-25-58_3-1.jpg 600w, https:\/\/www.robertabudasalon.com\/wp-content\/uploads\/2025\/07\/PHOTO-2025-07-15-17-25-58_3-1.jpg 1280w\" sizes=\"auto, (max-width: 714px) 100vw, 714px\" \/><\/figure>\n\n\n\n<figure class=\"wp-block-image size-large\"><img loading=\"lazy\" decoding=\"async\" width=\"1024\" height=\"576\" data-attachment-id=\"11584\" data-permalink=\"https:\/\/www.robertabudasalon.com\/es\/photo-2025-07-15-17-25-58_2-2\/\" data-orig-file=\"https:\/\/www.robertabudasalon.com\/wp-content\/uploads\/2025\/07\/PHOTO-2025-07-15-17-25-58_2.jpg\" data-orig-size=\"1280,720\" data-comments-opened=\"0\" data-image-meta=\"{&quot;aperture&quot;:&quot;0&quot;,&quot;credit&quot;:&quot;&quot;,&quot;camera&quot;:&quot;&quot;,&quot;caption&quot;:&quot;&quot;,&quot;created_timestamp&quot;:&quot;0&quot;,&quot;copyright&quot;:&quot;&quot;,&quot;focal_length&quot;:&quot;0&quot;,&quot;iso&quot;:&quot;0&quot;,&quot;shutter_speed&quot;:&quot;0&quot;,&quot;title&quot;:&quot;&quot;,&quot;orientation&quot;:&quot;0&quot;}\" data-image-title=\"PHOTO-2025-07-15-17-25-58_2\" data-image-description=\"\" data-image-caption=\"\" data-large-file=\"https:\/\/www.robertabudasalon.com\/wp-content\/uploads\/2025\/07\/PHOTO-2025-07-15-17-25-58_2.jpg\" src=\"http:\/\/robertabudasalon.com\/wp-content\/uploads\/2025\/07\/PHOTO-2025-07-15-17-25-58_2-1024x576.jpg\" alt=\"\" class=\"wp-image-11584\" srcset=\"https:\/\/www.robertabudasalon.com\/wp-content\/uploads\/2025\/07\/PHOTO-2025-07-15-17-25-58_2.jpg 1024w, https:\/\/www.robertabudasalon.com\/wp-content\/uploads\/2025\/07\/PHOTO-2025-07-15-17-25-58_2.jpg 300w, https:\/\/www.robertabudasalon.com\/wp-content\/uploads\/2025\/07\/PHOTO-2025-07-15-17-25-58_2.jpg 768w, https:\/\/www.robertabudasalon.com\/wp-content\/uploads\/2025\/07\/PHOTO-2025-07-15-17-25-58_2.jpg 600w, https:\/\/www.robertabudasalon.com\/wp-content\/uploads\/2025\/07\/PHOTO-2025-07-15-17-25-58_2.jpg 1280w\" sizes=\"auto, (max-width: 714px) 100vw, 714px\" \/><\/figure>\n\n\n\n<figure class=\"wp-block-image size-large\"><img loading=\"lazy\" decoding=\"async\" width=\"1024\" height=\"576\" data-attachment-id=\"11604\" data-permalink=\"https:\/\/www.robertabudasalon.com\/es\/photo-2025-07-15-17-25-58-2-2\/\" data-orig-file=\"https:\/\/www.robertabudasalon.com\/wp-content\/uploads\/2025\/07\/PHOTO-2025-07-15-17-25-58-1.jpg\" data-orig-size=\"1280,720\" data-comments-opened=\"0\" data-image-meta=\"{&quot;aperture&quot;:&quot;0&quot;,&quot;credit&quot;:&quot;&quot;,&quot;camera&quot;:&quot;&quot;,&quot;caption&quot;:&quot;&quot;,&quot;created_timestamp&quot;:&quot;0&quot;,&quot;copyright&quot;:&quot;&quot;,&quot;focal_length&quot;:&quot;0&quot;,&quot;iso&quot;:&quot;0&quot;,&quot;shutter_speed&quot;:&quot;0&quot;,&quot;title&quot;:&quot;&quot;,&quot;orientation&quot;:&quot;0&quot;}\" data-image-title=\"PHOTO-2025-07-15-17-25-58\" data-image-description=\"\" data-image-caption=\"\" data-large-file=\"https:\/\/www.robertabudasalon.com\/wp-content\/uploads\/2025\/07\/PHOTO-2025-07-15-17-25-58-1.jpg\" src=\"http:\/\/robertabudasalon.com\/wp-content\/uploads\/2025\/07\/PHOTO-2025-07-15-17-25-58-1-1024x576.jpg\" alt=\"\" class=\"wp-image-11604\" srcset=\"https:\/\/www.robertabudasalon.com\/wp-content\/uploads\/2025\/07\/PHOTO-2025-07-15-17-25-58-1.jpg 1024w, https:\/\/www.robertabudasalon.com\/wp-content\/uploads\/2025\/07\/PHOTO-2025-07-15-17-25-58-1.jpg 300w, https:\/\/www.robertabudasalon.com\/wp-content\/uploads\/2025\/07\/PHOTO-2025-07-15-17-25-58-1.jpg 768w, https:\/\/www.robertabudasalon.com\/wp-content\/uploads\/2025\/07\/PHOTO-2025-07-15-17-25-58-1.jpg 600w, https:\/\/www.robertabudasalon.com\/wp-content\/uploads\/2025\/07\/PHOTO-2025-07-15-17-25-58-1.jpg 1280w\" sizes=\"auto, (max-width: 714px) 100vw, 714px\" \/><\/figure>\n\n\n\n<figure class=\"wp-block-image size-large\"><img loading=\"lazy\" decoding=\"async\" width=\"1024\" height=\"576\" data-attachment-id=\"11602\" data-permalink=\"https:\/\/www.robertabudasalon.com\/es\/photo-2025-07-15-17-25-59_1-2-2\/\" data-orig-file=\"https:\/\/www.robertabudasalon.com\/wp-content\/uploads\/2025\/07\/PHOTO-2025-07-15-17-25-59_1-1.jpg\" data-orig-size=\"1280,720\" data-comments-opened=\"0\" data-image-meta=\"{&quot;aperture&quot;:&quot;0&quot;,&quot;credit&quot;:&quot;&quot;,&quot;camera&quot;:&quot;&quot;,&quot;caption&quot;:&quot;&quot;,&quot;created_timestamp&quot;:&quot;0&quot;,&quot;copyright&quot;:&quot;&quot;,&quot;focal_length&quot;:&quot;0&quot;,&quot;iso&quot;:&quot;0&quot;,&quot;shutter_speed&quot;:&quot;0&quot;,&quot;title&quot;:&quot;&quot;,&quot;orientation&quot;:&quot;0&quot;}\" data-image-title=\"PHOTO-2025-07-15-17-25-59_1\" data-image-description=\"\" data-image-caption=\"\" data-large-file=\"https:\/\/www.robertabudasalon.com\/wp-content\/uploads\/2025\/07\/PHOTO-2025-07-15-17-25-59_1-1.jpg\" src=\"http:\/\/robertabudasalon.com\/wp-content\/uploads\/2025\/07\/PHOTO-2025-07-15-17-25-59_1-1-1024x576.jpg\" alt=\"\" class=\"wp-image-11602\" srcset=\"https:\/\/www.robertabudasalon.com\/wp-content\/uploads\/2025\/07\/PHOTO-2025-07-15-17-25-59_1-1.jpg 1024w, https:\/\/www.robertabudasalon.com\/wp-content\/uploads\/2025\/07\/PHOTO-2025-07-15-17-25-59_1-1.jpg 300w, https:\/\/www.robertabudasalon.com\/wp-content\/uploads\/2025\/07\/PHOTO-2025-07-15-17-25-59_1-1.jpg 768w, https:\/\/www.robertabudasalon.com\/wp-content\/uploads\/2025\/07\/PHOTO-2025-07-15-17-25-59_1-1.jpg 600w, https:\/\/www.robertabudasalon.com\/wp-content\/uploads\/2025\/07\/PHOTO-2025-07-15-17-25-59_1-1.jpg 1280w\" sizes=\"auto, (max-width: 714px) 100vw, 714px\" \/><\/figure>\n\n\n\n<figure class=\"wp-block-image size-large\"><img loading=\"lazy\" decoding=\"async\" width=\"1024\" height=\"576\" data-attachment-id=\"11608\" data-permalink=\"https:\/\/www.robertabudasalon.com\/es\/photo-2025-07-15-17-25-58_1-2-2\/\" data-orig-file=\"https:\/\/www.robertabudasalon.com\/wp-content\/uploads\/2025\/07\/PHOTO-2025-07-15-17-25-58_1-1.jpg\" data-orig-size=\"1280,720\" data-comments-opened=\"0\" data-image-meta=\"{&quot;aperture&quot;:&quot;0&quot;,&quot;credit&quot;:&quot;&quot;,&quot;camera&quot;:&quot;&quot;,&quot;caption&quot;:&quot;&quot;,&quot;created_timestamp&quot;:&quot;0&quot;,&quot;copyright&quot;:&quot;&quot;,&quot;focal_length&quot;:&quot;0&quot;,&quot;iso&quot;:&quot;0&quot;,&quot;shutter_speed&quot;:&quot;0&quot;,&quot;title&quot;:&quot;&quot;,&quot;orientation&quot;:&quot;0&quot;}\" data-image-title=\"PHOTO-2025-07-15-17-25-58_1\" data-image-description=\"\" data-image-caption=\"\" data-large-file=\"https:\/\/www.robertabudasalon.com\/wp-content\/uploads\/2025\/07\/PHOTO-2025-07-15-17-25-58_1-1.jpg\" src=\"http:\/\/robertabudasalon.com\/wp-content\/uploads\/2025\/07\/PHOTO-2025-07-15-17-25-58_1-1-1024x576.jpg\" alt=\"\" class=\"wp-image-11608\" srcset=\"https:\/\/www.robertabudasalon.com\/wp-content\/uploads\/2025\/07\/PHOTO-2025-07-15-17-25-58_1-1.jpg 1024w, https:\/\/www.robertabudasalon.com\/wp-content\/uploads\/2025\/07\/PHOTO-2025-07-15-17-25-58_1-1.jpg 300w, https:\/\/www.robertabudasalon.com\/wp-content\/uploads\/2025\/07\/PHOTO-2025-07-15-17-25-58_1-1.jpg 768w, https:\/\/www.robertabudasalon.com\/wp-content\/uploads\/2025\/07\/PHOTO-2025-07-15-17-25-58_1-1.jpg 600w, https:\/\/www.robertabudasalon.com\/wp-content\/uploads\/2025\/07\/PHOTO-2025-07-15-17-25-58_1-1.jpg 1280w\" sizes=\"auto, (max-width: 714px) 100vw, 714px\" \/><\/figure>\n\n\n\n<figure class=\"wp-block-image size-large\"><img loading=\"lazy\" decoding=\"async\" width=\"1024\" height=\"576\" data-attachment-id=\"11610\" data-permalink=\"https:\/\/www.robertabudasalon.com\/es\/photo-2025-07-15-17-25-59-2-2\/\" data-orig-file=\"https:\/\/www.robertabudasalon.com\/wp-content\/uploads\/2025\/07\/PHOTO-2025-07-15-17-25-59-1.jpg\" data-orig-size=\"1280,720\" data-comments-opened=\"0\" data-image-meta=\"{&quot;aperture&quot;:&quot;0&quot;,&quot;credit&quot;:&quot;&quot;,&quot;camera&quot;:&quot;&quot;,&quot;caption&quot;:&quot;&quot;,&quot;created_timestamp&quot;:&quot;0&quot;,&quot;copyright&quot;:&quot;&quot;,&quot;focal_length&quot;:&quot;0&quot;,&quot;iso&quot;:&quot;0&quot;,&quot;shutter_speed&quot;:&quot;0&quot;,&quot;title&quot;:&quot;&quot;,&quot;orientation&quot;:&quot;0&quot;}\" data-image-title=\"PHOTO-2025-07-15-17-25-59\" data-image-description=\"\" data-image-caption=\"\" data-large-file=\"https:\/\/www.robertabudasalon.com\/wp-content\/uploads\/2025\/07\/PHOTO-2025-07-15-17-25-59-1.jpg\" src=\"http:\/\/robertabudasalon.com\/wp-content\/uploads\/2025\/07\/PHOTO-2025-07-15-17-25-59-1-1024x576.jpg\" alt=\"\" class=\"wp-image-11610\" srcset=\"https:\/\/www.robertabudasalon.com\/wp-content\/uploads\/2025\/07\/PHOTO-2025-07-15-17-25-59-1.jpg 1024w, https:\/\/www.robertabudasalon.com\/wp-content\/uploads\/2025\/07\/PHOTO-2025-07-15-17-25-59-1.jpg 300w, https:\/\/www.robertabudasalon.com\/wp-content\/uploads\/2025\/07\/PHOTO-2025-07-15-17-25-59-1.jpg 768w, https:\/\/www.robertabudasalon.com\/wp-content\/uploads\/2025\/07\/PHOTO-2025-07-15-17-25-59-1.jpg 600w, https:\/\/www.robertabudasalon.com\/wp-content\/uploads\/2025\/07\/PHOTO-2025-07-15-17-25-59-1.jpg 1280w\" sizes=\"auto, (max-width: 714px) 100vw, 714px\" \/><\/figure>\n\n\n","protected":false},"excerpt":{"rendered":"<p>$6,400,000 MXN \u2013 CALLE 70 SANTIAGO \/ SAN JUAN, CENTRO DE M\u00c9RIDA, YUCAT\u00c1N, M\u00c9XICO 2 CASAS, 3 REC\u00c1MARAS, 3 BA\u00d1OS \u2013 OPORTUNIDAD DE ALQUILER EN AIR BNB \u2013 M\u00e1s informaci\u00f3n pr\u00f3ximamente. Disponible en septiembre de 2025. Para m\u00e1s informaci\u00f3n, escriba a robertabudasalon@gmail.com. Casa 1 \u2013 2 rec\u00e1maras, 2 ba\u00f1os. 86.3 m\u00b2, con 45.7 m\u00b2 de [&hellip;]<\/p>\n","protected":false},"author":16,"featured_media":0,"parent":0,"menu_order":0,"comment_status":"closed","ping_status":"closed","template":"","meta":{"nf_dc_page":"","jetpack_post_was_ever_published":false,"footnotes":""},"yst_prominent_words":[],"class_list":["post-11618","page","type-page","status-publish","entry"],"yoast_head":"<!-- This site is optimized with the Yoast SEO Premium plugin v14.4.1 - https:\/\/yoast.com\/wordpress\/plugins\/seo\/ -->\n<title>CASAS | Robert Abuda Merida Hair Salon<\/title>\n<meta name=\"description\" content=\"CASAS | Robert Abuda Merida Hair Salon\" \/>\n<meta name=\"robots\" content=\"index, follow\" \/>\n<meta name=\"googlebot\" content=\"index, follow, max-snippet:-1, max-image-preview:large, max-video-preview:-1\" \/>\n<meta name=\"bingbot\" content=\"index, follow, max-snippet:-1, max-image-preview:large, max-video-preview:-1\" \/>\n<link rel=\"canonical\" href=\"https:\/\/robertabudasalon.com\/es\/casas\/\" \/>\n<meta property=\"og:locale\" content=\"es_ES\" \/>\n<meta property=\"og:type\" content=\"article\" \/>\n<meta property=\"og:title\" content=\"CASAS | Robert Abuda Merida Hair Salon\" \/>\n<meta property=\"og:description\" content=\"CASAS | Robert Abuda Merida Hair Salon\" \/>\n<meta property=\"og:url\" content=\"https:\/\/robertabudasalon.com\/es\/casas\/\" \/>\n<meta property=\"og:site_name\" content=\"Robert Abuda Merida Hair Salon\" \/>\n<meta property=\"article:publisher\" content=\"https:\/\/www.facebook.com\/RobertAbudaSalondeBellezaMerida\" \/>\n<meta property=\"article:modified_time\" content=\"2025-07-28T14:51:12+00:00\" \/>\n<meta property=\"og:image\" content=\"http:\/\/robertabudasalon.com\/wp-content\/uploads\/2025\/07\/PHOTO-2025-07-15-17-25-58_3-1-1024x576.jpg\" \/>\n<meta property=\"fb:app_id\" content=\"https:\/\/www.facebook.com\/RobertAbudaSalondeBellezaMerida\" \/>\n<meta name=\"twitter:card\" content=\"summary\" \/>\n<meta name=\"twitter:creator\" content=\"@RobAbudaSalon\" \/>\n<meta name=\"twitter:site\" content=\"@RobAbudaSalon\" \/>\n<script type=\"application\/ld+json\" class=\"yoast-schema-graph\">{\"@context\":\"https:\/\/schema.org\",\"@graph\":[{\"@type\":\"WebSite\",\"@id\":\"https:\/\/www.robertabudasalon.com\/es\/#website\",\"url\":\"https:\/\/www.robertabudasalon.com\/es\/\",\"name\":\"Robert Abuda Merida Hair Salon\",\"description\":\"Hair Salon Merida, Salon de Belleza Merida +52 999 926 3015, #470C Paseo de Montejo, Peluqueria y SPA.\",\"potentialAction\":[{\"@type\":\"SearchAction\",\"target\":\"https:\/\/www.robertabudasalon.com\/es\/?s={search_term_string}\",\"query-input\":\"required name=search_term_string\"}],\"inLanguage\":\"es-ES\"},{\"@type\":\"ImageObject\",\"@id\":\"https:\/\/robertabudasalon.com\/es\/casas\/#primaryimage\",\"inLanguage\":\"es-ES\",\"url\":\"http:\/\/robertabudasalon.com\/wp-content\/uploads\/2025\/07\/PHOTO-2025-07-15-17-25-58_3-1-1024x576.jpg\"},{\"@type\":\"WebPage\",\"@id\":\"https:\/\/robertabudasalon.com\/es\/casas\/#webpage\",\"url\":\"https:\/\/robertabudasalon.com\/es\/casas\/\",\"name\":\"CASAS | Robert Abuda Merida Hair Salon\",\"isPartOf\":{\"@id\":\"https:\/\/www.robertabudasalon.com\/es\/#website\"},\"primaryImageOfPage\":{\"@id\":\"https:\/\/robertabudasalon.com\/es\/casas\/#primaryimage\"},\"datePublished\":\"2025-07-27T16:14:12+00:00\",\"dateModified\":\"2025-07-28T14:51:12+00:00\",\"description\":\"CASAS | Robert Abuda Merida Hair Salon\",\"inLanguage\":\"es-ES\",\"potentialAction\":[{\"@type\":\"ReadAction\",\"target\":[\"https:\/\/robertabudasalon.com\/es\/casas\/\"]}]}]}<\/script>\n<!-- \/ Yoast SEO Premium plugin. -->","jetpack_sharing_enabled":true,"jetpack_shortlink":"https:\/\/wp.me\/P6c51u-31o","amp_enabled":true,"_links":{"self":[{"href":"https:\/\/www.robertabudasalon.com\/es\/wp-json\/wp\/v2\/pages\/11618","targetHints":{"allow":["GET"]}}],"collection":[{"href":"https:\/\/www.robertabudasalon.com\/es\/wp-json\/wp\/v2\/pages"}],"about":[{"href":"https:\/\/www.robertabudasalon.com\/es\/wp-json\/wp\/v2\/types\/page"}],"author":[{"embeddable":true,"href":"https:\/\/www.robertabudasalon.com\/es\/wp-json\/wp\/v2\/users\/16"}],"replies":[{"embeddable":true,"href":"https:\/\/www.robertabudasalon.com\/es\/wp-json\/wp\/v2\/comments?post=11618"}],"version-history":[{"count":4,"href":"https:\/\/www.robertabudasalon.com\/es\/wp-json\/wp\/v2\/pages\/11618\/revisions"}],"predecessor-version":[{"id":11629,"href":"https:\/\/www.robertabudasalon.com\/es\/wp-json\/wp\/v2\/pages\/11618\/revisions\/11629"}],"wp:attachment":[{"href":"https:\/\/www.robertabudasalon.com\/es\/wp-json\/wp\/v2\/media?parent=11618"}],"wp:term":[{"taxonomy":"yst_prominent_words","embeddable":true,"href":"https:\/\/www.robertabudasalon.com\/es\/wp-json\/wp\/v2\/yst_prominent_words?post=11618"}],"curies":[{"name":"wp","href":"https:\/\/api.w.org\/{rel}","templated":true}]}}